{"id":671,"date":"2026-02-17T10:14:38","date_gmt":"2026-02-17T09:14:38","guid":{"rendered":"https:\/\/www.ruchervauban.fr\/?page_id=671"},"modified":"2026-02-18T13:00:46","modified_gmt":"2026-02-18T12:00:46","slug":"deposer-une-annonce","status":"publish","type":"page","link":"https:\/\/www.ruchervauban.fr\/index.php\/deposer-une-annonce\/","title":{"rendered":"D\u00e9poser une annonce"},"content":{"rendered":"\n<p>Pour d\u00e9poser une annonce, merci de faire un mail \u00e0 ruchervauban@outlook.fr<\/p>\n\n\n\n<ul class=\"wp-block-list\">\n<li>Titre du mail : d\u00e9poser une annonce<\/li>\n\n\n\n<li>Une description de l&rsquo;article<\/li>\n\n\n\n<li>Une ou plusieurs photos de l&rsquo;article<\/li>\n\n\n\n<li>Un prix<\/li>\n\n\n\n<li>Facultatif : votre adresse mail pour \u00eatre contact\u00e9 directement<\/li>\n\n\n\n<li>Facultatif : votre num\u00e9ro de t\u00e9l\u00e9phone pour \u00eatre contact\u00e9 directement<\/li>\n<\/ul>\n","protected":false},"excerpt":{"rendered":"<p>Pour d\u00e9poser une annonce, merci de faire un mail \u00e0 ruchervauban@outlook.fr<\/p>\n","protected":false},"author":1,"featured_media":0,"parent":0,"menu_order":0,"comment_status":"closed","ping_status":"closed","template":"","meta":{"om_disable_all_campaigns":false,"_monsterinsights_skip_tracking":false,"_monsterinsights_sitenote_active":false,"_monsterinsights_sitenote_note":"","_monsterinsights_sitenote_category":0,"neve_meta_sidebar":"","neve_meta_container":"","neve_meta_enable_content_width":"","neve_meta_content_width":0,"neve_meta_title_alignment":"","neve_meta_author_avatar":"","neve_post_elements_order":"","neve_meta_disable_header":"","neve_meta_disable_footer":"","neve_meta_disable_title":"","footnotes":""},"class_list":["post-671","page","type-page","status-publish","hentry"],"yoast_head":"<!-- This site is optimized with the Yoast SEO plugin v27.3 - https:\/\/yoast.com\/product\/yoast-seo-wordpress\/ -->\n<title>D\u00e9poser une annonce - Association des apiculteurs du Pays de Brisach<\/title>\n<meta name=\"robots\" content=\"index, follow, max-snippet:-1, max-image-preview:large, max-video-preview:-1\" \/>\n<link rel=\"canonical\" href=\"https:\/\/www.ruchervauban.fr\/index.php\/deposer-une-annonce\/\" \/>\n<meta property=\"og:locale\" content=\"fr_FR\" \/>\n<meta property=\"og:type\" content=\"article\" \/>\n<meta property=\"og:title\" content=\"D\u00e9poser une annonce - Association des apiculteurs du Pays de Brisach\" \/>\n<meta property=\"og:description\" content=\"Pour d\u00e9poser une annonce, merci de faire un mail \u00e0 ruchervauban@outlook.fr\" \/>\n<meta property=\"og:url\" content=\"https:\/\/www.ruchervauban.fr\/index.php\/deposer-une-annonce\/\" \/>\n<meta property=\"og:site_name\" content=\"Association des apiculteurs du Pays de Brisach\" \/>\n<meta property=\"article:modified_time\" content=\"2026-02-18T12:00:46+00:00\" \/>\n<meta name=\"twitter:card\" content=\"summary_large_image\" \/>\n<meta name=\"twitter:label1\" content=\"Dur\u00e9e de lecture estim\u00e9e\" \/>\n\t<meta name=\"twitter:data1\" content=\"1 minute\" \/>\n<script type=\"application\/ld+json\" class=\"yoast-schema-graph\">{\"@context\":\"https:\\\/\\\/schema.org\",\"@graph\":[{\"@type\":\"WebPage\",\"@id\":\"https:\\\/\\\/www.ruchervauban.fr\\\/index.php\\\/deposer-une-annonce\\\/\",\"url\":\"https:\\\/\\\/www.ruchervauban.fr\\\/index.php\\\/deposer-une-annonce\\\/\",\"name\":\"D\u00e9poser une annonce - Association des apiculteurs du Pays de Brisach\",\"isPartOf\":{\"@id\":\"https:\\\/\\\/www.ruchervauban.fr\\\/#website\"},\"datePublished\":\"2026-02-17T09:14:38+00:00\",\"dateModified\":\"2026-02-18T12:00:46+00:00\",\"breadcrumb\":{\"@id\":\"https:\\\/\\\/www.ruchervauban.fr\\\/index.php\\\/deposer-une-annonce\\\/#breadcrumb\"},\"inLanguage\":\"fr-FR\",\"potentialAction\":[{\"@type\":\"ReadAction\",\"target\":[\"https:\\\/\\\/www.ruchervauban.fr\\\/index.php\\\/deposer-une-annonce\\\/\"]}]},{\"@type\":\"BreadcrumbList\",\"@id\":\"https:\\\/\\\/www.ruchervauban.fr\\\/index.php\\\/deposer-une-annonce\\\/#breadcrumb\",\"itemListElement\":[{\"@type\":\"ListItem\",\"position\":1,\"name\":\"Accueil\",\"item\":\"https:\\\/\\\/www.ruchervauban.fr\\\/\"},{\"@type\":\"ListItem\",\"position\":2,\"name\":\"D\u00e9poser une annonce\"}]},{\"@type\":\"WebSite\",\"@id\":\"https:\\\/\\\/www.ruchervauban.fr\\\/#website\",\"url\":\"https:\\\/\\\/www.ruchervauban.fr\\\/\",\"name\":\"Association des apiculteurs du Pays de Brisach\",\"description\":\"\",\"publisher\":{\"@id\":\"https:\\\/\\\/www.ruchervauban.fr\\\/#organization\"},\"potentialAction\":[{\"@type\":\"SearchAction\",\"target\":{\"@type\":\"EntryPoint\",\"urlTemplate\":\"https:\\\/\\\/www.ruchervauban.fr\\\/?s={search_term_string}\"},\"query-input\":{\"@type\":\"PropertyValueSpecification\",\"valueRequired\":true,\"valueName\":\"search_term_string\"}}],\"inLanguage\":\"fr-FR\"},{\"@type\":\"Organization\",\"@id\":\"https:\\\/\\\/www.ruchervauban.fr\\\/#organization\",\"name\":\"Association des apiculteurs du Pays de Brisach\",\"url\":\"https:\\\/\\\/www.ruchervauban.fr\\\/\",\"logo\":{\"@type\":\"ImageObject\",\"inLanguage\":\"fr-FR\",\"@id\":\"https:\\\/\\\/www.ruchervauban.fr\\\/#\\\/schema\\\/logo\\\/image\\\/\",\"url\":\"https:\\\/\\\/www.ruchervauban.fr\\\/wp-content\\\/uploads\\\/2023\\\/10\\\/cropped-cropped-logo-rucher-neuf-Brisach-1.png\",\"contentUrl\":\"https:\\\/\\\/www.ruchervauban.fr\\\/wp-content\\\/uploads\\\/2023\\\/10\\\/cropped-cropped-logo-rucher-neuf-Brisach-1.png\",\"width\":512,\"height\":512,\"caption\":\"Association des apiculteurs du Pays de Brisach\"},\"image\":{\"@id\":\"https:\\\/\\\/www.ruchervauban.fr\\\/#\\\/schema\\\/logo\\\/image\\\/\"}}]}<\/script>\n<!-- \/ Yoast SEO plugin. -->","yoast_head_json":{"title":"D\u00e9poser une annonce - Association des apiculteurs du Pays de Brisach","robots":{"index":"index","follow":"follow","max-snippet":"max-snippet:-1","max-image-preview":"max-image-preview:large","max-video-preview":"max-video-preview:-1"},"canonical":"https:\/\/www.ruchervauban.fr\/index.php\/deposer-une-annonce\/","og_locale":"fr_FR","og_type":"article","og_title":"D\u00e9poser une annonce - Association des apiculteurs du Pays de Brisach","og_description":"Pour d\u00e9poser une annonce, merci de faire un mail \u00e0 ruchervauban@outlook.fr","og_url":"https:\/\/www.ruchervauban.fr\/index.php\/deposer-une-annonce\/","og_site_name":"Association des apiculteurs du Pays de Brisach","article_modified_time":"2026-02-18T12:00:46+00:00","twitter_card":"summary_large_image","twitter_misc":{"Dur\u00e9e de lecture estim\u00e9e":"1 minute"},"schema":{"@context":"https:\/\/schema.org","@graph":[{"@type":"WebPage","@id":"https:\/\/www.ruchervauban.fr\/index.php\/deposer-une-annonce\/","url":"https:\/\/www.ruchervauban.fr\/index.php\/deposer-une-annonce\/","name":"D\u00e9poser une annonce - Association des apiculteurs du Pays de Brisach","isPartOf":{"@id":"https:\/\/www.ruchervauban.fr\/#website"},"datePublished":"2026-02-17T09:14:38+00:00","dateModified":"2026-02-18T12:00:46+00:00","breadcrumb":{"@id":"https:\/\/www.ruchervauban.fr\/index.php\/deposer-une-annonce\/#breadcrumb"},"inLanguage":"fr-FR","potentialAction":[{"@type":"ReadAction","target":["https:\/\/www.ruchervauban.fr\/index.php\/deposer-une-annonce\/"]}]},{"@type":"BreadcrumbList","@id":"https:\/\/www.ruchervauban.fr\/index.php\/deposer-une-annonce\/#breadcrumb","itemListElement":[{"@type":"ListItem","position":1,"name":"Accueil","item":"https:\/\/www.ruchervauban.fr\/"},{"@type":"ListItem","position":2,"name":"D\u00e9poser une annonce"}]},{"@type":"WebSite","@id":"https:\/\/www.ruchervauban.fr\/#website","url":"https:\/\/www.ruchervauban.fr\/","name":"Association des apiculteurs du Pays de Brisach","description":"","publisher":{"@id":"https:\/\/www.ruchervauban.fr\/#organization"},"potentialAction":[{"@type":"SearchAction","target":{"@type":"EntryPoint","urlTemplate":"https:\/\/www.ruchervauban.fr\/?s={search_term_string}"},"query-input":{"@type":"PropertyValueSpecification","valueRequired":true,"valueName":"search_term_string"}}],"inLanguage":"fr-FR"},{"@type":"Organization","@id":"https:\/\/www.ruchervauban.fr\/#organization","name":"Association des apiculteurs du Pays de Brisach","url":"https:\/\/www.ruchervauban.fr\/","logo":{"@type":"ImageObject","inLanguage":"fr-FR","@id":"https:\/\/www.ruchervauban.fr\/#\/schema\/logo\/image\/","url":"https:\/\/www.ruchervauban.fr\/wp-content\/uploads\/2023\/10\/cropped-cropped-logo-rucher-neuf-Brisach-1.png","contentUrl":"https:\/\/www.ruchervauban.fr\/wp-content\/uploads\/2023\/10\/cropped-cropped-logo-rucher-neuf-Brisach-1.png","width":512,"height":512,"caption":"Association des apiculteurs du Pays de Brisach"},"image":{"@id":"https:\/\/www.ruchervauban.fr\/#\/schema\/logo\/image\/"}}]}},"jetpack_sharing_enabled":true,"_links":{"self":[{"href":"https:\/\/www.ruchervauban.fr\/index.php\/wp-json\/wp\/v2\/pages\/671","targetHints":{"allow":["GET"]}}],"collection":[{"href":"https:\/\/www.ruchervauban.fr\/index.php\/wp-json\/wp\/v2\/pages"}],"about":[{"href":"https:\/\/www.ruchervauban.fr\/index.php\/wp-json\/wp\/v2\/types\/page"}],"author":[{"embeddable":true,"href":"https:\/\/www.ruchervauban.fr\/index.php\/wp-json\/wp\/v2\/users\/1"}],"replies":[{"embeddable":true,"href":"https:\/\/www.ruchervauban.fr\/index.php\/wp-json\/wp\/v2\/comments?post=671"}],"version-history":[{"count":2,"href":"https:\/\/www.ruchervauban.fr\/index.php\/wp-json\/wp\/v2\/pages\/671\/revisions"}],"predecessor-version":[{"id":680,"href":"https:\/\/www.ruchervauban.fr\/index.php\/wp-json\/wp\/v2\/pages\/671\/revisions\/680"}],"wp:attachment":[{"href":"https:\/\/www.ruchervauban.fr\/index.php\/wp-json\/wp\/v2\/media?parent=671"}],"curies":[{"name":"wp","href":"https:\/\/api.w.org\/{rel}","templated":true}]}}