{"id":268,"date":"2024-10-16T15:29:47","date_gmt":"2024-10-16T13:29:47","guid":{"rendered":"https:\/\/www.ruchervauban.fr\/?page_id=268"},"modified":"2026-03-09T21:18:35","modified_gmt":"2026-03-09T20:18:35","slug":"binvenue","status":"publish","type":"page","link":"https:\/\/www.ruchervauban.fr\/","title":{"rendered":""},"content":{"rendered":"\t\t<div data-elementor-type=\"wp-page\" data-elementor-id=\"268\" class=\"elementor elementor-268\">\n\t\t\t\t<div class=\"elementor-element elementor-element-9ffc7e8 e-con-full e-flex e-con e-parent\" data-id=\"9ffc7e8\" data-element_type=\"container\" data-e-type=\"container\">\n\t\t\t\t<div class=\"elementor-element elementor-element-71cd309 elementor-widget elementor-widget-image\" data-id=\"71cd309\" data-element_type=\"widget\" data-e-type=\"widget\" data-widget_type=\"image.default\">\n\t\t\t\t<div class=\"elementor-widget-container\">\n\t\t\t\t\t\t\t\t\t\t\t\t\t\t\t<img fetchpriority=\"high\" decoding=\"async\" width=\"768\" height=\"338\" src=\"https:\/\/www.ruchervauban.fr\/wp-content\/uploads\/2025\/05\/20240609_100549-2-768x338.jpg\" class=\"attachment-medium_large size-medium_large wp-image-462\" alt=\"\" srcset=\"http:\/\/www.ruchervauban.fr\/wp-content\/uploads\/2025\/05\/20240609_100549-2-768x338.jpg 768w, http:\/\/www.ruchervauban.fr\/wp-content\/uploads\/2025\/05\/20240609_100549-2-300x132.jpg 300w, http:\/\/www.ruchervauban.fr\/wp-content\/uploads\/2025\/05\/20240609_100549-2-1024x451.jpg 1024w, http:\/\/www.ruchervauban.fr\/wp-content\/uploads\/2025\/05\/20240609_100549-2-1536x676.jpg 1536w, http:\/\/www.ruchervauban.fr\/wp-content\/uploads\/2025\/05\/20240609_100549-2-2048x901.jpg 2048w\" sizes=\"(max-width: 768px) 100vw, 768px\" \/>\t\t\t\t\t\t\t\t\t\t\t\t\t\t\t<\/div>\n\t\t\t\t<\/div>\n\t\t\t\t<\/div>\n\t\t<div class=\"elementor-element elementor-element-dd3ad62 e-flex e-con-boxed e-con e-parent\" data-id=\"dd3ad62\" data-element_type=\"container\" data-e-type=\"container\">\n\t\t\t\t\t<div class=\"e-con-inner\">\n\t\t\t\t<div class=\"elementor-element elementor-element-586a749 elementor-align-center elementor-widget elementor-widget-button\" data-id=\"586a749\" data-element_type=\"widget\" data-e-type=\"widget\" data-widget_type=\"button.default\">\n\t\t\t\t<div class=\"elementor-widget-container\">\n\t\t\t\t\t\t\t\t\t<div class=\"elementor-button-wrapper\">\n\t\t\t\t\t<a class=\"elementor-button elementor-button-link elementor-size-xl\" href=\"https:\/\/www.ruchervauban.fr\/index.php\/category\/linfo-de-nicolas\/\">\n\t\t\t\t\t\t<span class=\"elementor-button-content-wrapper\">\n\t\t\t\t\t\t\t\t\t<span class=\"elementor-button-text\">L\u2019information de Nicolas<\/span>\n\t\t\t\t\t<\/span>\n\t\t\t\t\t<\/a>\n\t\t\t\t<\/div>\n\t\t\t\t\t\t\t\t<\/div>\n\t\t\t\t<\/div>\n\t\t\t\t\t<\/div>\n\t\t\t\t<\/div>\n\t\t<div class=\"elementor-element elementor-element-32b724c e-flex e-con-boxed e-con e-parent\" data-id=\"32b724c\" data-element_type=\"container\" data-e-type=\"container\">\n\t\t\t\t\t<div class=\"e-con-inner\">\n\t\t\t\t<div class=\"elementor-element elementor-element-41b9f18 elementor-tabs-view-horizontal elementor-widget elementor-widget-tabs\" data-id=\"41b9f18\" data-element_type=\"widget\" data-e-type=\"widget\" data-widget_type=\"tabs.default\">\n\t\t\t\t<div class=\"elementor-widget-container\">\n\t\t\t\t\t\t\t<div class=\"elementor-tabs\">\n\t\t\t<div class=\"elementor-tabs-wrapper\" role=\"tablist\" >\n\t\t\t\t\t\t\t\t\t<div id=\"elementor-tab-title-6891\" class=\"elementor-tab-title elementor-tab-desktop-title\" aria-selected=\"true\" data-tab=\"1\" role=\"tab\" tabindex=\"0\" aria-controls=\"elementor-tab-content-6891\" aria-expanded=\"false\">R\u00e9sultats du concours des miels d'Alsace 2025<\/div>\n\t\t\t\t\t\t\t\t\t<div id=\"elementor-tab-title-6892\" class=\"elementor-tab-title elementor-tab-desktop-title\" aria-selected=\"false\" data-tab=\"2\" role=\"tab\" tabindex=\"-1\" aria-controls=\"elementor-tab-content-6892\" aria-expanded=\"false\">Fin de la d\u00e9tection de loque am\u00e9ricaine<\/div>\n\t\t\t\t\t\t\t<\/div>\n\t\t\t<div class=\"elementor-tabs-content-wrapper\" role=\"tablist\" aria-orientation=\"vertical\">\n\t\t\t\t\t\t\t\t\t<div class=\"elementor-tab-title elementor-tab-mobile-title\" aria-selected=\"true\" data-tab=\"1\" role=\"tab\" tabindex=\"0\" aria-controls=\"elementor-tab-content-6891\" aria-expanded=\"false\">R\u00e9sultats du concours des miels d'Alsace 2025<\/div>\n\t\t\t\t\t<div id=\"elementor-tab-content-6891\" class=\"elementor-tab-content elementor-clearfix\" data-tab=\"1\" role=\"tabpanel\" aria-labelledby=\"elementor-tab-title-6891\" tabindex=\"0\" hidden=\"false\"><p>Bientot disponible<\/p><\/div>\n\t\t\t\t\t\t\t\t\t<div class=\"elementor-tab-title elementor-tab-mobile-title\" aria-selected=\"false\" data-tab=\"2\" role=\"tab\" tabindex=\"-1\" aria-controls=\"elementor-tab-content-6892\" aria-expanded=\"false\">Fin de la d\u00e9tection de loque am\u00e9ricaine<\/div>\n\t\t\t\t\t<div id=\"elementor-tab-content-6892\" class=\"elementor-tab-content elementor-clearfix\" data-tab=\"2\" role=\"tabpanel\" aria-labelledby=\"elementor-tab-title-6892\" tabindex=\"0\" hidden=\"hidden\"><p>Fin des zonages de protection et de surveillance.<\/p><p>Informations du GDSA du Haut-Rhin concernant la pr\u00e9sence de deux foyers de loque am\u00e9ricaine dans le d\u00e9partement du Haut-Rhin.\u00a0<a href=\"http:\/\/detection-de-loque-americaine-informations-importantes\/\"><strong>(<\/strong><\/a><strong><a href=\"https:\/\/www.ruchervauban.fr\/index.php\/detection-de-loque-americaine-informations-importantes\/\">voir plus)<\/a><\/strong><\/p><\/div>\n\t\t\t\t\t\t\t<\/div>\n\t\t<\/div>\n\t\t\t\t\t\t<\/div>\n\t\t\t\t<\/div>\n\t\t\t\t\t<\/div>\n\t\t\t\t<\/div>\n\t\t<div class=\"elementor-element elementor-element-3dee889 e-flex e-con-boxed e-con e-parent\" data-id=\"3dee889\" data-element_type=\"container\" data-e-type=\"container\">\n\t\t\t\t\t<div class=\"e-con-inner\">\n\t\t\t\t<div class=\"elementor-element elementor-element-191fade elementor-align-center elementor-widget elementor-widget-button\" data-id=\"191fade\" data-element_type=\"widget\" data-e-type=\"widget\" data-widget_type=\"button.default\">\n\t\t\t\t<div class=\"elementor-widget-container\">\n\t\t\t\t\t\t\t\t\t<div class=\"elementor-button-wrapper\">\n\t\t\t\t\t<a class=\"elementor-button elementor-button-link elementor-size-xl\" href=\"https:\/\/www.ruchervauban.fr\/wp-content\/file\/adhesion.pdf\" target=\"_blank\">\n\t\t\t\t\t\t<span class=\"elementor-button-content-wrapper\">\n\t\t\t\t\t\t\t\t\t<span class=\"elementor-button-text\"> Adh\u00e9rer \u00e0 notre association<\/span>\n\t\t\t\t\t<\/span>\n\t\t\t\t\t<\/a>\n\t\t\t\t<\/div>\n\t\t\t\t\t\t\t\t<\/div>\n\t\t\t\t<\/div>\n\t\t\t\t\t<\/div>\n\t\t\t\t<\/div>\n\t\t<div class=\"elementor-element elementor-element-8770b46 e-flex e-con-boxed e-con e-parent\" data-id=\"8770b46\" data-element_type=\"container\" data-e-type=\"container\">\n\t\t\t\t\t<div class=\"e-con-inner\">\n\t\t\t\t<div class=\"elementor-element elementor-element-a7c6632 elementor-align-center elementor-widget elementor-widget-button\" data-id=\"a7c6632\" data-element_type=\"widget\" data-e-type=\"widget\" data-widget_type=\"button.default\">\n\t\t\t\t<div class=\"elementor-widget-container\">\n\t\t\t\t\t\t\t\t\t<div class=\"elementor-button-wrapper\">\n\t\t\t\t\t<a class=\"elementor-button elementor-button-link elementor-size-xl\" href=\"https:\/\/www.ruchervauban.fr\/wp-content\/file\/formulaire_inscription_stage_initation_apiculture.pdf\" target=\"_blank\">\n\t\t\t\t\t\t<span class=\"elementor-button-content-wrapper\">\n\t\t\t\t\t\t\t\t\t<span class=\"elementor-button-text\">S'inscrire au stage d'initiation<\/span>\n\t\t\t\t\t<\/span>\n\t\t\t\t\t<\/a>\n\t\t\t\t<\/div>\n\t\t\t\t\t\t\t\t<\/div>\n\t\t\t\t<\/div>\n\t\t\t\t\t<\/div>\n\t\t\t\t<\/div>\n\t\t<div class=\"elementor-element elementor-element-1c5d017 e-flex e-con-boxed e-con e-parent\" data-id=\"1c5d017\" data-element_type=\"container\" data-e-type=\"container\">\n\t\t\t\t\t<div class=\"e-con-inner\">\n\t\t\t\t<div class=\"elementor-element elementor-element-a5cec6d elementor-arrows-position-inside elementor-pagination-position-outside elementor-widget elementor-widget-image-carousel\" data-id=\"a5cec6d\" data-element_type=\"widget\" data-e-type=\"widget\" data-settings=\"{&quot;navigation&quot;:&quot;both&quot;,&quot;autoplay&quot;:&quot;yes&quot;,&quot;pause_on_hover&quot;:&quot;yes&quot;,&quot;pause_on_interaction&quot;:&quot;yes&quot;,&quot;autoplay_speed&quot;:5000,&quot;infinite&quot;:&quot;yes&quot;,&quot;speed&quot;:500}\" data-widget_type=\"image-carousel.default\">\n\t\t\t\t<div class=\"elementor-widget-container\">\n\t\t\t\t\t\t\t<div class=\"elementor-image-carousel-wrapper swiper\" role=\"region\" aria-roledescription=\"carousel\" aria-label=\"Carrousel d\u2019images\" dir=\"ltr\">\n\t\t\t<div class=\"elementor-image-carousel swiper-wrapper\" aria-live=\"off\">\n\t\t\t\t\t\t\t\t<div class=\"swiper-slide\" role=\"group\" aria-roledescription=\"slide\" aria-label=\"1 sur 3\"><figure class=\"swiper-slide-inner\"><img decoding=\"async\" class=\"swiper-slide-image\" src=\"https:\/\/www.ruchervauban.fr\/wp-content\/uploads\/2025\/05\/Recto-225x300.jpg\" alt=\"Recto\" \/><\/figure><\/div><div class=\"swiper-slide\" role=\"group\" aria-roledescription=\"slide\" aria-label=\"2 sur 3\"><figure class=\"swiper-slide-inner\"><img decoding=\"async\" class=\"swiper-slide-image\" src=\"https:\/\/www.ruchervauban.fr\/wp-content\/uploads\/2025\/05\/Verso-225x300.jpg\" alt=\"Verso\" \/><\/figure><\/div><div class=\"swiper-slide\" role=\"group\" aria-roledescription=\"slide\" aria-label=\"3 sur 3\"><figure class=\"swiper-slide-inner\"><img decoding=\"async\" class=\"swiper-slide-image\" src=\"https:\/\/www.ruchervauban.fr\/wp-content\/uploads\/2025\/05\/20240609_100549-300x225.jpg\" alt=\"20240609_100549\" \/><\/figure><\/div>\t\t\t<\/div>\n\t\t\t\t\t\t\t\t\t\t\t\t<div class=\"elementor-swiper-button elementor-swiper-button-prev\" role=\"button\" tabindex=\"0\">\n\t\t\t\t\t\t<i aria-hidden=\"true\" class=\"eicon-chevron-left\"><\/i>\t\t\t\t\t<\/div>\n\t\t\t\t\t<div class=\"elementor-swiper-button elementor-swiper-button-next\" role=\"button\" tabindex=\"0\">\n\t\t\t\t\t\t<i aria-hidden=\"true\" class=\"eicon-chevron-right\"><\/i>\t\t\t\t\t<\/div>\n\t\t\t\t\n\t\t\t\t\t\t\t\t\t<div class=\"swiper-pagination\"><\/div>\n\t\t\t\t\t\t\t\t\t<\/div>\n\t\t\t\t\t\t<\/div>\n\t\t\t\t<\/div>\n\t\t\t\t<div class=\"elementor-element elementor-element-55ae6f6 elementor-widget elementor-widget-google_maps\" data-id=\"55ae6f6\" data-element_type=\"widget\" data-e-type=\"widget\" data-widget_type=\"google_maps.default\">\n\t\t\t\t<div class=\"elementor-widget-container\">\n\t\t\t\t\t\t\t<div class=\"elementor-custom-embed\">\n\t\t\t<iframe loading=\"lazy\"\n\t\t\t\t\tsrc=\"https:\/\/maps.google.com\/maps?q=rucher%20vauban&#038;t=m&#038;z=15&#038;output=embed&#038;iwloc=near\"\n\t\t\t\t\ttitle=\"rucher vauban\"\n\t\t\t\t\taria-label=\"rucher vauban\"\n\t\t\t><\/iframe>\n\t\t<\/div>\n\t\t\t\t\t\t<\/div>\n\t\t\t\t<\/div>\n\t\t\t\t\t<\/div>\n\t\t\t\t<\/div>\n\t\t\t\t<\/div>\n\t\t","protected":false},"excerpt":{"rendered":"<p>L\u2019information de Nicolas R\u00e9sultats du concours des miels d&rsquo;Alsace 2025 Fin de la d\u00e9tection de loque am\u00e9ricaine R\u00e9sultats du concours des miels d&rsquo;Alsace 2025 Bientot disponible Fin de la d\u00e9tection de loque am\u00e9ricaine Fin des zonages de protection et de surveillance. Informations du GDSA du Haut-Rhin concernant la pr\u00e9sence de deux foyers de loque am\u00e9ricaine&hellip;&nbsp;<a href=\"https:\/\/www.ruchervauban.fr\/\" rel=\"bookmark\">Lire la suite &raquo;<span class=\"screen-reader-text\"><\/span><\/a><\/p>\n","protected":false},"author":1,"featured_media":0,"parent":0,"menu_order":0,"comment_status":"closed","ping_status":"closed","template":"","meta":{"om_disable_all_campaigns":false,"_monsterinsights_skip_tracking":false,"_monsterinsights_sitenote_active":false,"_monsterinsights_sitenote_note":"","_monsterinsights_sitenote_category":0,"neve_meta_sidebar":"","neve_meta_container":"","neve_meta_enable_content_width":"","neve_meta_content_width":0,"neve_meta_title_alignment":"","neve_meta_author_avatar":"","neve_post_elements_order":"","neve_meta_disable_header":"","neve_meta_disable_footer":"","neve_meta_disable_title":"","footnotes":""},"class_list":["post-268","page","type-page","status-publish","hentry"],"yoast_head":"<!-- This site is optimized with the Yoast SEO plugin v27.5 - https:\/\/yoast.com\/product\/yoast-seo-wordpress\/ -->\n<title>- Association des apiculteurs du Pays de Brisach<\/title>\n<meta name=\"robots\" content=\"index, follow, max-snippet:-1, max-image-preview:large, max-video-preview:-1\" \/>\n<link rel=\"canonical\" href=\"https:\/\/www.ruchervauban.fr\/\" \/>\n<meta property=\"og:locale\" content=\"fr_FR\" \/>\n<meta property=\"og:type\" content=\"article\" \/>\n<meta property=\"og:title\" content=\"- Association des apiculteurs du Pays de Brisach\" \/>\n<meta property=\"og:description\" content=\"L\u2019information de Nicolas R\u00e9sultats du concours des miels d&rsquo;Alsace 2025 Fin de la d\u00e9tection de loque am\u00e9ricaine R\u00e9sultats du concours des miels d&rsquo;Alsace 2025 Bientot disponible Fin de la d\u00e9tection de loque am\u00e9ricaine Fin des zonages de protection et de surveillance. Informations du GDSA du Haut-Rhin concernant la pr\u00e9sence de deux foyers de loque am\u00e9ricaine&hellip;&nbsp;Lire la suite &raquo;\" \/>\n<meta property=\"og:url\" content=\"https:\/\/www.ruchervauban.fr\/\" \/>\n<meta property=\"og:site_name\" content=\"Association des apiculteurs du Pays de Brisach\" \/>\n<meta property=\"article:modified_time\" content=\"2026-03-09T20:18:35+00:00\" \/>\n<meta property=\"og:image\" content=\"http:\/\/www.ruchervauban.fr\/wp-content\/uploads\/2025\/05\/20240609_100549-2-768x338.jpg\" \/>\n<meta name=\"twitter:card\" content=\"summary_large_image\" \/>\n<meta name=\"twitter:label1\" content=\"Dur\u00e9e de lecture estim\u00e9e\" \/>\n\t<meta name=\"twitter:data1\" content=\"3 minutes\" \/>\n<script type=\"application\/ld+json\" class=\"yoast-schema-graph\">{\"@context\":\"https:\\\/\\\/schema.org\",\"@graph\":[{\"@type\":\"WebPage\",\"@id\":\"https:\\\/\\\/www.ruchervauban.fr\\\/\",\"url\":\"https:\\\/\\\/www.ruchervauban.fr\\\/\",\"name\":\"- Association des apiculteurs du Pays de Brisach\",\"isPartOf\":{\"@id\":\"https:\\\/\\\/www.ruchervauban.fr\\\/#website\"},\"primaryImageOfPage\":{\"@id\":\"https:\\\/\\\/www.ruchervauban.fr\\\/#primaryimage\"},\"image\":{\"@id\":\"https:\\\/\\\/www.ruchervauban.fr\\\/#primaryimage\"},\"thumbnailUrl\":\"http:\\\/\\\/www.ruchervauban.fr\\\/wp-content\\\/uploads\\\/2025\\\/05\\\/20240609_100549-2-768x338.jpg\",\"datePublished\":\"2024-10-16T13:29:47+00:00\",\"dateModified\":\"2026-03-09T20:18:35+00:00\",\"inLanguage\":\"fr-FR\",\"potentialAction\":[{\"@type\":\"ReadAction\",\"target\":[\"https:\\\/\\\/www.ruchervauban.fr\\\/\"]}]},{\"@type\":\"ImageObject\",\"inLanguage\":\"fr-FR\",\"@id\":\"https:\\\/\\\/www.ruchervauban.fr\\\/#primaryimage\",\"url\":\"https:\\\/\\\/www.ruchervauban.fr\\\/wp-content\\\/uploads\\\/2025\\\/05\\\/20240609_100549-2-scaled.jpg\",\"contentUrl\":\"https:\\\/\\\/www.ruchervauban.fr\\\/wp-content\\\/uploads\\\/2025\\\/05\\\/20240609_100549-2-scaled.jpg\",\"width\":2560,\"height\":1126},{\"@type\":\"WebSite\",\"@id\":\"https:\\\/\\\/www.ruchervauban.fr\\\/#website\",\"url\":\"https:\\\/\\\/www.ruchervauban.fr\\\/\",\"name\":\"Association des apiculteurs du Pays de Brisach\",\"description\":\"\",\"publisher\":{\"@id\":\"https:\\\/\\\/www.ruchervauban.fr\\\/#organization\"},\"potentialAction\":[{\"@type\":\"SearchAction\",\"target\":{\"@type\":\"EntryPoint\",\"urlTemplate\":\"https:\\\/\\\/www.ruchervauban.fr\\\/?s={search_term_string}\"},\"query-input\":{\"@type\":\"PropertyValueSpecification\",\"valueRequired\":true,\"valueName\":\"search_term_string\"}}],\"inLanguage\":\"fr-FR\"},{\"@type\":\"Organization\",\"@id\":\"https:\\\/\\\/www.ruchervauban.fr\\\/#organization\",\"name\":\"Association des apiculteurs du Pays de Brisach\",\"url\":\"https:\\\/\\\/www.ruchervauban.fr\\\/\",\"logo\":{\"@type\":\"ImageObject\",\"inLanguage\":\"fr-FR\",\"@id\":\"https:\\\/\\\/www.ruchervauban.fr\\\/#\\\/schema\\\/logo\\\/image\\\/\",\"url\":\"https:\\\/\\\/www.ruchervauban.fr\\\/wp-content\\\/uploads\\\/2023\\\/10\\\/cropped-cropped-logo-rucher-neuf-Brisach-1.png\",\"contentUrl\":\"https:\\\/\\\/www.ruchervauban.fr\\\/wp-content\\\/uploads\\\/2023\\\/10\\\/cropped-cropped-logo-rucher-neuf-Brisach-1.png\",\"width\":512,\"height\":512,\"caption\":\"Association des apiculteurs du Pays de Brisach\"},\"image\":{\"@id\":\"https:\\\/\\\/www.ruchervauban.fr\\\/#\\\/schema\\\/logo\\\/image\\\/\"}}]}<\/script>\n<!-- \/ Yoast SEO plugin. -->","yoast_head_json":{"title":"- Association des apiculteurs du Pays de Brisach","robots":{"index":"index","follow":"follow","max-snippet":"max-snippet:-1","max-image-preview":"max-image-preview:large","max-video-preview":"max-video-preview:-1"},"canonical":"https:\/\/www.ruchervauban.fr\/","og_locale":"fr_FR","og_type":"article","og_title":"- Association des apiculteurs du Pays de Brisach","og_description":"L\u2019information de Nicolas R\u00e9sultats du concours des miels d&rsquo;Alsace 2025 Fin de la d\u00e9tection de loque am\u00e9ricaine R\u00e9sultats du concours des miels d&rsquo;Alsace 2025 Bientot disponible Fin de la d\u00e9tection de loque am\u00e9ricaine Fin des zonages de protection et de surveillance. Informations du GDSA du Haut-Rhin concernant la pr\u00e9sence de deux foyers de loque am\u00e9ricaine&hellip;&nbsp;Lire la suite &raquo;","og_url":"https:\/\/www.ruchervauban.fr\/","og_site_name":"Association des apiculteurs du Pays de Brisach","article_modified_time":"2026-03-09T20:18:35+00:00","og_image":[{"url":"http:\/\/www.ruchervauban.fr\/wp-content\/uploads\/2025\/05\/20240609_100549-2-768x338.jpg","type":"","width":"","height":""}],"twitter_card":"summary_large_image","twitter_misc":{"Dur\u00e9e de lecture estim\u00e9e":"3 minutes"},"schema":{"@context":"https:\/\/schema.org","@graph":[{"@type":"WebPage","@id":"https:\/\/www.ruchervauban.fr\/","url":"https:\/\/www.ruchervauban.fr\/","name":"- Association des apiculteurs du Pays de Brisach","isPartOf":{"@id":"https:\/\/www.ruchervauban.fr\/#website"},"primaryImageOfPage":{"@id":"https:\/\/www.ruchervauban.fr\/#primaryimage"},"image":{"@id":"https:\/\/www.ruchervauban.fr\/#primaryimage"},"thumbnailUrl":"http:\/\/www.ruchervauban.fr\/wp-content\/uploads\/2025\/05\/20240609_100549-2-768x338.jpg","datePublished":"2024-10-16T13:29:47+00:00","dateModified":"2026-03-09T20:18:35+00:00","inLanguage":"fr-FR","potentialAction":[{"@type":"ReadAction","target":["https:\/\/www.ruchervauban.fr\/"]}]},{"@type":"ImageObject","inLanguage":"fr-FR","@id":"https:\/\/www.ruchervauban.fr\/#primaryimage","url":"https:\/\/www.ruchervauban.fr\/wp-content\/uploads\/2025\/05\/20240609_100549-2-scaled.jpg","contentUrl":"https:\/\/www.ruchervauban.fr\/wp-content\/uploads\/2025\/05\/20240609_100549-2-scaled.jpg","width":2560,"height":1126},{"@type":"WebSite","@id":"https:\/\/www.ruchervauban.fr\/#website","url":"https:\/\/www.ruchervauban.fr\/","name":"Association des apiculteurs du Pays de Brisach","description":"","publisher":{"@id":"https:\/\/www.ruchervauban.fr\/#organization"},"potentialAction":[{"@type":"SearchAction","target":{"@type":"EntryPoint","urlTemplate":"https:\/\/www.ruchervauban.fr\/?s={search_term_string}"},"query-input":{"@type":"PropertyValueSpecification","valueRequired":true,"valueName":"search_term_string"}}],"inLanguage":"fr-FR"},{"@type":"Organization","@id":"https:\/\/www.ruchervauban.fr\/#organization","name":"Association des apiculteurs du Pays de Brisach","url":"https:\/\/www.ruchervauban.fr\/","logo":{"@type":"ImageObject","inLanguage":"fr-FR","@id":"https:\/\/www.ruchervauban.fr\/#\/schema\/logo\/image\/","url":"https:\/\/www.ruchervauban.fr\/wp-content\/uploads\/2023\/10\/cropped-cropped-logo-rucher-neuf-Brisach-1.png","contentUrl":"https:\/\/www.ruchervauban.fr\/wp-content\/uploads\/2023\/10\/cropped-cropped-logo-rucher-neuf-Brisach-1.png","width":512,"height":512,"caption":"Association des apiculteurs du Pays de Brisach"},"image":{"@id":"https:\/\/www.ruchervauban.fr\/#\/schema\/logo\/image\/"}}]}},"jetpack_sharing_enabled":true,"_links":{"self":[{"href":"https:\/\/www.ruchervauban.fr\/index.php\/wp-json\/wp\/v2\/pages\/268","targetHints":{"allow":["GET"]}}],"collection":[{"href":"https:\/\/www.ruchervauban.fr\/index.php\/wp-json\/wp\/v2\/pages"}],"about":[{"href":"https:\/\/www.ruchervauban.fr\/index.php\/wp-json\/wp\/v2\/types\/page"}],"author":[{"embeddable":true,"href":"https:\/\/www.ruchervauban.fr\/index.php\/wp-json\/wp\/v2\/users\/1"}],"replies":[{"embeddable":true,"href":"https:\/\/www.ruchervauban.fr\/index.php\/wp-json\/wp\/v2\/comments?post=268"}],"version-history":[{"count":54,"href":"https:\/\/www.ruchervauban.fr\/index.php\/wp-json\/wp\/v2\/pages\/268\/revisions"}],"predecessor-version":[{"id":717,"href":"https:\/\/www.ruchervauban.fr\/index.php\/wp-json\/wp\/v2\/pages\/268\/revisions\/717"}],"wp:attachment":[{"href":"https:\/\/www.ruchervauban.fr\/index.php\/wp-json\/wp\/v2\/media?parent=268"}],"curies":[{"name":"wp","href":"https:\/\/api.w.org\/{rel}","templated":true}]}}