{"id":24,"date":"2023-09-19T23:50:26","date_gmt":"2023-09-19T21:50:26","guid":{"rendered":"https:\/\/www.ruchervauban.fr\/?page_id=24"},"modified":"2026-02-18T13:36:34","modified_gmt":"2026-02-18T12:36:34","slug":"a-propos","status":"publish","type":"page","link":"https:\/\/www.ruchervauban.fr\/index.php\/a-propos\/","title":{"rendered":"Notre association"},"content":{"rendered":"\t\t<div data-elementor-type=\"wp-page\" data-elementor-id=\"24\" class=\"elementor elementor-24\">\n\t\t\t\t<div class=\"elementor-element elementor-element-0670c73 e-flex e-con-boxed e-con e-parent\" data-id=\"0670c73\" data-element_type=\"container\" data-e-type=\"container\">\n\t\t\t\t\t<div class=\"e-con-inner\">\n\t\t\t\t\t<\/div>\n\t\t\t\t<\/div>\n\t\t<div class=\"elementor-element elementor-element-33825c9 e-flex e-con-boxed e-con e-parent\" data-id=\"33825c9\" data-element_type=\"container\" data-e-type=\"container\">\n\t\t\t\t\t<div class=\"e-con-inner\">\n\t\t<div class=\"elementor-element elementor-element-bdd3943 e-con-full e-flex e-con e-child\" data-id=\"bdd3943\" data-element_type=\"container\" data-e-type=\"container\">\n\t\t\t\t<div class=\"elementor-element elementor-element-82e52f8 elementor-widget elementor-widget-image\" data-id=\"82e52f8\" data-element_type=\"widget\" data-e-type=\"widget\" data-widget_type=\"image.default\">\n\t\t\t\t<div class=\"elementor-widget-container\">\n\t\t\t\t\t\t\t\t\t\t\t\t\t\t\t<img decoding=\"async\" src=\"https:\/\/www.ruchervauban.fr\/wp-content\/file\/images\/rucher-photo.png\" title=\"\" alt=\"\" loading=\"lazy\" \/>\t\t\t\t\t\t\t\t\t\t\t\t\t\t\t<\/div>\n\t\t\t\t<\/div>\n\t\t\t\t<\/div>\n\t\t<div class=\"elementor-element elementor-element-9dcde22 e-con-full e-flex e-con e-child\" data-id=\"9dcde22\" data-element_type=\"container\" data-e-type=\"container\">\n\t\t\t\t<div class=\"elementor-element elementor-element-78f4f36 elementor-widget elementor-widget-heading\" data-id=\"78f4f36\" data-element_type=\"widget\" data-e-type=\"widget\" data-widget_type=\"heading.default\">\n\t\t\t\t<div class=\"elementor-widget-container\">\n\t\t\t\t\t<p class=\"elementor-heading-title elementor-size-default\"><p class=\"has-nv-dark-bg-color has-text-color\" style=\"font-weight: 400\">Vous aimez le contact avec la nature, l\u2019abeille vous passionne, vous cherchez un compl\u00e9ment de revenu, vous souhaitez d\u00e9couvrir le monde des abeilles et vous informer,\u2026<\/p><p class=\"has-nv-dark-bg-color has-text-color\" style=\"font-weight: 400\">Le rucher-\u00e9cole VAUBAN de NEUF-BRISACH vous permet d\u2019acqu\u00e9rir les connaissances de base pour d\u00e9buter en apiculture et vous propose des stages de perfectionnement.<\/p><p class=\"has-nv-dark-bg-color has-text-color\" style=\"font-weight: 400\">La connaissance de l\u2019apiculture n\u00e9cessite une longue pratique mais se doit d\u2019\u00eatre pr\u00e9c\u00e9d\u00e9e et compl\u00e9t\u00e9e d\u2019un minimum de th\u00e9orie. La litt\u00e9rature apicole est vaste et chacun peut y trouver l\u2019ouvrage dont il a besoin mais rien ne remplace le contact enrichissant avec l\u2019apiculteur.<\/p><span style=\"font-family: Poppins, sans-serif;font-size: 1.125rem;font-weight: 400;text-align: var(--text-align)\">Que vous soyez n\u00e9ophyte ou que vous ayez d\u00e9j\u00e0 approch\u00e9 l\u2019abeille, pour vous qui cherchez des compl\u00e9ments d\u2019informations, le rucher-\u00e9cole Vauban permet de vous perfectionner.<\/span><\/p>\t\t\t\t<\/div>\n\t\t\t\t<\/div>\n\t\t\t\t<\/div>\n\t\t\t\t\t<\/div>\n\t\t\t\t<\/div>\n\t\t<div class=\"elementor-element elementor-element-9e6d22e e-con-full e-flex e-con e-parent\" data-id=\"9e6d22e\" data-element_type=\"container\" data-e-type=\"container\">\n\t\t<div class=\"elementor-element elementor-element-ecf2034 e-con-full e-flex e-con e-child\" data-id=\"ecf2034\" data-element_type=\"container\" data-e-type=\"container\">\n\t\t\t\t<div class=\"elementor-element elementor-element-e642c36 elementor-widget elementor-widget-heading\" data-id=\"e642c36\" data-element_type=\"widget\" data-e-type=\"widget\" data-widget_type=\"heading.default\">\n\t\t\t\t<div class=\"elementor-widget-container\">\n\t\t\t\t\t<p class=\"elementor-heading-title elementor-size-default\"><h2 class=\"text-align-center has-nv-text-dark-bg-color has-text-color\">Pourquoi le rucher \u00e9cole Vauban ?<\/h2><p style=\"font-weight: 400\">Chacun y trouvera les outils pour entretenir et d\u00e9velopper ses connaissances et engager sereinement la conduite de son rucher.<br>Le rucher-\u00e9cole VAUBAN de NEUF-BRISACH met \u00e9galement \u00e0 votre disposition :<\/p><ul style=\", helvetica, arial, sans-serif;font-size: 16px;font-weight: 400\"><li>une biblioth\u00e8que permettant d\u2019augmenter vos connaissances,<\/li><li>du mat\u00e9riel en location pour vous permettre d\u2018extraire votre miel, de fondre votre cire et de faire vos feuilles de cire gaufr\u00e9e, de marquer vos ruches, d\u2019analyser le taux d\u2019humidit\u00e9 de votre miel, de le d\u00e9figer ou d\u2019en faire du cr\u00e9meux, etc.<br>-Vous pourrez participer au concours des miels qui a lieu chaque ann\u00e9e et obtenir une analyse physico-chimique de votre miel qui vous permettra de valoriser votre production\u2026<\/li><\/ul><\/p>\t\t\t\t<\/div>\n\t\t\t\t<\/div>\n\t\t\t\t<\/div>\n\t\t<div class=\"elementor-element elementor-element-d0c3374 e-con-full e-flex e-con e-child\" data-id=\"d0c3374\" data-element_type=\"container\" data-e-type=\"container\">\n\t\t\t\t<div class=\"elementor-element elementor-element-fbd079e elementor-widget elementor-widget-image\" data-id=\"fbd079e\" data-element_type=\"widget\" data-e-type=\"widget\" data-widget_type=\"image.default\">\n\t\t\t\t<div class=\"elementor-widget-container\">\n\t\t\t\t\t\t\t\t\t\t\t\t\t\t\t<img fetchpriority=\"high\" decoding=\"async\" width=\"512\" height=\"512\" src=\"https:\/\/www.ruchervauban.fr\/wp-content\/uploads\/2023\/10\/cropped-cropped-logo-rucher-neuf-Brisach-1.png\" class=\"attachment-large size-large wp-image-91\" alt=\"\" srcset=\"https:\/\/www.ruchervauban.fr\/wp-content\/uploads\/2023\/10\/cropped-cropped-logo-rucher-neuf-Brisach-1.png 512w, https:\/\/www.ruchervauban.fr\/wp-content\/uploads\/2023\/10\/cropped-cropped-logo-rucher-neuf-Brisach-1-300x300.png 300w, https:\/\/www.ruchervauban.fr\/wp-content\/uploads\/2023\/10\/cropped-cropped-logo-rucher-neuf-Brisach-1-150x150.png 150w\" sizes=\"(max-width: 512px) 100vw, 512px\" \/>\t\t\t\t\t\t\t\t\t\t\t\t\t\t\t<\/div>\n\t\t\t\t<\/div>\n\t\t\t\t<\/div>\n\t\t\t\t<\/div>\n\t\t<div class=\"elementor-element elementor-element-36b95f1 e-flex e-con-boxed e-con e-parent\" data-id=\"36b95f1\" data-element_type=\"container\" data-e-type=\"container\">\n\t\t\t\t\t<div class=\"e-con-inner\">\n\t\t\t\t<div class=\"elementor-element elementor-element-70edd92 elementor-align-center elementor-widget elementor-widget-button\" data-id=\"70edd92\" data-element_type=\"widget\" data-e-type=\"widget\" data-widget_type=\"button.default\">\n\t\t\t\t<div class=\"elementor-widget-container\">\n\t\t\t\t\t\t\t\t\t<div class=\"elementor-button-wrapper\">\n\t\t\t\t\t<a class=\"elementor-button elementor-button-link elementor-size-xl\" href=\"https:\/\/www.ruchervauban.fr\/wp-content\/file\/adhesion.pdf\">\n\t\t\t\t\t\t<span class=\"elementor-button-content-wrapper\">\n\t\t\t\t\t\t\t\t\t<span class=\"elementor-button-text\">Adh\u00e9rez<\/span>\n\t\t\t\t\t<\/span>\n\t\t\t\t\t<\/a>\n\t\t\t\t<\/div>\n\t\t\t\t\t\t\t\t<\/div>\n\t\t\t\t<\/div>\n\t\t\t\t\t<\/div>\n\t\t\t\t<\/div>\n\t\t<div class=\"elementor-element elementor-element-d696ffc e-flex e-con-boxed e-con e-parent\" data-id=\"d696ffc\" data-element_type=\"container\" data-e-type=\"container\">\n\t\t\t\t\t<div class=\"e-con-inner\">\n\t\t<div class=\"elementor-element elementor-element-b6428ed e-con-full e-flex e-con e-child\" data-id=\"b6428ed\" data-element_type=\"container\" data-e-type=\"container\">\n\t\t\t\t<div class=\"elementor-element elementor-element-dd167af elementor-widget elementor-widget-heading\" data-id=\"dd167af\" data-element_type=\"widget\" data-e-type=\"widget\" data-widget_type=\"heading.default\">\n\t\t\t\t<div class=\"elementor-widget-container\">\n\t\t\t\t\t<h2 class=\"elementor-heading-title elementor-size-default\">Pr\u00e9sident<\/h2>\t\t\t\t<\/div>\n\t\t\t\t<\/div>\n\t\t\t\t<div class=\"elementor-element elementor-element-edd7d4f elementor-widget elementor-widget-heading\" data-id=\"edd7d4f\" data-element_type=\"widget\" data-e-type=\"widget\" data-widget_type=\"heading.default\">\n\t\t\t\t<div class=\"elementor-widget-container\">\n\t\t\t\t\t<h6 class=\"elementor-heading-title elementor-size-default\">WURTZEL J\u00e9r\u00e9my<\/h6>\t\t\t\t<\/div>\n\t\t\t\t<\/div>\n\t\t\t\t<\/div>\n\t\t<div class=\"elementor-element elementor-element-91da361 e-con-full e-flex e-con e-child\" data-id=\"91da361\" data-element_type=\"container\" data-e-type=\"container\">\n\t\t\t\t<div class=\"elementor-element elementor-element-7d2789f elementor-widget elementor-widget-heading\" data-id=\"7d2789f\" data-element_type=\"widget\" data-e-type=\"widget\" data-widget_type=\"heading.default\">\n\t\t\t\t<div class=\"elementor-widget-container\">\n\t\t\t\t\t<h2 class=\"elementor-heading-title elementor-size-default\">Tr\u00e9sorier<\/h2>\t\t\t\t<\/div>\n\t\t\t\t<\/div>\n\t\t\t\t<div class=\"elementor-element elementor-element-1d2071e elementor-widget elementor-widget-heading\" data-id=\"1d2071e\" data-element_type=\"widget\" data-e-type=\"widget\" data-widget_type=\"heading.default\">\n\t\t\t\t<div class=\"elementor-widget-container\">\n\t\t\t\t\t<h6 class=\"elementor-heading-title elementor-size-default\">GEBER William<\/h6>\t\t\t\t<\/div>\n\t\t\t\t<\/div>\n\t\t\t\t<\/div>\n\t\t<div class=\"elementor-element elementor-element-404b0a1 e-con-full e-flex e-con e-child\" data-id=\"404b0a1\" data-element_type=\"container\" data-e-type=\"container\">\n\t\t\t\t<div class=\"elementor-element elementor-element-34584e6 elementor-widget elementor-widget-heading\" data-id=\"34584e6\" data-element_type=\"widget\" data-e-type=\"widget\" data-widget_type=\"heading.default\">\n\t\t\t\t<div class=\"elementor-widget-container\">\n\t\t\t\t\t<h2 class=\"elementor-heading-title elementor-size-default\">Secr\u00e9taire<\/h2>\t\t\t\t<\/div>\n\t\t\t\t<\/div>\n\t\t\t\t<div class=\"elementor-element elementor-element-b728db2 elementor-widget elementor-widget-heading\" data-id=\"b728db2\" data-element_type=\"widget\" data-e-type=\"widget\" data-widget_type=\"heading.default\">\n\t\t\t\t<div class=\"elementor-widget-container\">\n\t\t\t\t\t<h6 class=\"elementor-heading-title elementor-size-default\">GUSTIAUX Dominique<\/h6>\t\t\t\t<\/div>\n\t\t\t\t<\/div>\n\t\t\t\t<\/div>\n\t\t\t\t\t<\/div>\n\t\t\t\t<\/div>\n\t\t\t\t<\/div>\n\t\t","protected":false},"excerpt":{"rendered":"<p>Vous aimez le contact avec la nature, l\u2019abeille vous passionne, vous cherchez un compl\u00e9ment de revenu, vous souhaitez d\u00e9couvrir le monde des abeilles et vous informer,\u2026 Le rucher-\u00e9cole VAUBAN de NEUF-BRISACH vous permet d\u2019acqu\u00e9rir les connaissances de base pour d\u00e9buter en apiculture et vous propose des stages de perfectionnement. La connaissance de l\u2019apiculture n\u00e9cessite une&hellip;&nbsp;<a href=\"https:\/\/www.ruchervauban.fr\/index.php\/a-propos\/\" rel=\"bookmark\">Lire la suite &raquo;<span class=\"screen-reader-text\">Notre association<\/span><\/a><\/p>\n","protected":false},"author":1,"featured_media":0,"parent":0,"menu_order":0,"comment_status":"closed","ping_status":"closed","template":"","meta":{"om_disable_all_campaigns":false,"_monsterinsights_skip_tracking":false,"_monsterinsights_sitenote_active":false,"_monsterinsights_sitenote_note":"","_monsterinsights_sitenote_category":0,"neve_meta_sidebar":"","neve_meta_container":"","neve_meta_enable_content_width":"on","neve_meta_content_width":100,"neve_meta_title_alignment":"","neve_meta_author_avatar":"","neve_post_elements_order":"","neve_meta_disable_header":"","neve_meta_disable_footer":"","neve_meta_disable_title":"on","footnotes":""},"class_list":["post-24","page","type-page","status-publish","hentry"],"yoast_head":"<!-- This site is optimized with the Yoast SEO plugin v27.6 - https:\/\/yoast.com\/product\/yoast-seo-wordpress\/ -->\n<title>Notre association - Association des apiculteurs du Pays de Brisach<\/title>\n<meta name=\"robots\" content=\"index, follow, max-snippet:-1, max-image-preview:large, max-video-preview:-1\" \/>\n<link rel=\"canonical\" href=\"https:\/\/www.ruchervauban.fr\/index.php\/a-propos\/\" \/>\n<meta property=\"og:locale\" content=\"fr_FR\" \/>\n<meta property=\"og:type\" content=\"article\" \/>\n<meta property=\"og:title\" content=\"Notre association - Association des apiculteurs du Pays de Brisach\" \/>\n<meta property=\"og:description\" content=\"Vous aimez le contact avec la nature, l\u2019abeille vous passionne, vous cherchez un compl\u00e9ment de revenu, vous souhaitez d\u00e9couvrir le monde des abeilles et vous informer,\u2026 Le rucher-\u00e9cole VAUBAN de NEUF-BRISACH vous permet d\u2019acqu\u00e9rir les connaissances de base pour d\u00e9buter en apiculture et vous propose des stages de perfectionnement. La connaissance de l\u2019apiculture n\u00e9cessite une&hellip;&nbsp;Lire la suite &raquo;Notre association\" \/>\n<meta property=\"og:url\" content=\"https:\/\/www.ruchervauban.fr\/index.php\/a-propos\/\" \/>\n<meta property=\"og:site_name\" content=\"Association des apiculteurs du Pays de Brisach\" \/>\n<meta property=\"article:modified_time\" content=\"2026-02-18T12:36:34+00:00\" \/>\n<meta property=\"og:image\" content=\"https:\/\/www.ruchervauban.fr\/wp-content\/file\/images\/rucher-photo.png\" \/>\n<meta name=\"twitter:card\" content=\"summary_large_image\" \/>\n<meta name=\"twitter:label1\" content=\"Dur\u00e9e de lecture estim\u00e9e\" \/>\n\t<meta name=\"twitter:data1\" content=\"2 minutes\" \/>\n<script type=\"application\/ld+json\" class=\"yoast-schema-graph\">{\"@context\":\"https:\\\/\\\/schema.org\",\"@graph\":[{\"@type\":\"WebPage\",\"@id\":\"https:\\\/\\\/www.ruchervauban.fr\\\/index.php\\\/a-propos\\\/\",\"url\":\"https:\\\/\\\/www.ruchervauban.fr\\\/index.php\\\/a-propos\\\/\",\"name\":\"Notre association - Association des apiculteurs du Pays de Brisach\",\"isPartOf\":{\"@id\":\"https:\\\/\\\/www.ruchervauban.fr\\\/#website\"},\"primaryImageOfPage\":{\"@id\":\"https:\\\/\\\/www.ruchervauban.fr\\\/index.php\\\/a-propos\\\/#primaryimage\"},\"image\":{\"@id\":\"https:\\\/\\\/www.ruchervauban.fr\\\/index.php\\\/a-propos\\\/#primaryimage\"},\"thumbnailUrl\":\"https:\\\/\\\/www.ruchervauban.fr\\\/wp-content\\\/file\\\/images\\\/rucher-photo.png\",\"datePublished\":\"2023-09-19T21:50:26+00:00\",\"dateModified\":\"2026-02-18T12:36:34+00:00\",\"breadcrumb\":{\"@id\":\"https:\\\/\\\/www.ruchervauban.fr\\\/index.php\\\/a-propos\\\/#breadcrumb\"},\"inLanguage\":\"fr-FR\",\"potentialAction\":[{\"@type\":\"ReadAction\",\"target\":[\"https:\\\/\\\/www.ruchervauban.fr\\\/index.php\\\/a-propos\\\/\"]}]},{\"@type\":\"ImageObject\",\"inLanguage\":\"fr-FR\",\"@id\":\"https:\\\/\\\/www.ruchervauban.fr\\\/index.php\\\/a-propos\\\/#primaryimage\",\"url\":\"https:\\\/\\\/www.ruchervauban.fr\\\/wp-content\\\/file\\\/images\\\/rucher-photo.png\",\"contentUrl\":\"https:\\\/\\\/www.ruchervauban.fr\\\/wp-content\\\/file\\\/images\\\/rucher-photo.png\"},{\"@type\":\"BreadcrumbList\",\"@id\":\"https:\\\/\\\/www.ruchervauban.fr\\\/index.php\\\/a-propos\\\/#breadcrumb\",\"itemListElement\":[{\"@type\":\"ListItem\",\"position\":1,\"name\":\"Accueil\",\"item\":\"https:\\\/\\\/www.ruchervauban.fr\\\/\"},{\"@type\":\"ListItem\",\"position\":2,\"name\":\"Notre association\"}]},{\"@type\":\"WebSite\",\"@id\":\"https:\\\/\\\/www.ruchervauban.fr\\\/#website\",\"url\":\"https:\\\/\\\/www.ruchervauban.fr\\\/\",\"name\":\"Association des apiculteurs du Pays de Brisach\",\"description\":\"\",\"publisher\":{\"@id\":\"https:\\\/\\\/www.ruchervauban.fr\\\/#organization\"},\"potentialAction\":[{\"@type\":\"SearchAction\",\"target\":{\"@type\":\"EntryPoint\",\"urlTemplate\":\"https:\\\/\\\/www.ruchervauban.fr\\\/?s={search_term_string}\"},\"query-input\":{\"@type\":\"PropertyValueSpecification\",\"valueRequired\":true,\"valueName\":\"search_term_string\"}}],\"inLanguage\":\"fr-FR\"},{\"@type\":\"Organization\",\"@id\":\"https:\\\/\\\/www.ruchervauban.fr\\\/#organization\",\"name\":\"Association des apiculteurs du Pays de Brisach\",\"url\":\"https:\\\/\\\/www.ruchervauban.fr\\\/\",\"logo\":{\"@type\":\"ImageObject\",\"inLanguage\":\"fr-FR\",\"@id\":\"https:\\\/\\\/www.ruchervauban.fr\\\/#\\\/schema\\\/logo\\\/image\\\/\",\"url\":\"https:\\\/\\\/www.ruchervauban.fr\\\/wp-content\\\/uploads\\\/2023\\\/10\\\/cropped-cropped-logo-rucher-neuf-Brisach-1.png\",\"contentUrl\":\"https:\\\/\\\/www.ruchervauban.fr\\\/wp-content\\\/uploads\\\/2023\\\/10\\\/cropped-cropped-logo-rucher-neuf-Brisach-1.png\",\"width\":512,\"height\":512,\"caption\":\"Association des apiculteurs du Pays de Brisach\"},\"image\":{\"@id\":\"https:\\\/\\\/www.ruchervauban.fr\\\/#\\\/schema\\\/logo\\\/image\\\/\"}}]}<\/script>\n<!-- \/ Yoast SEO plugin. -->","yoast_head_json":{"title":"Notre association - Association des apiculteurs du Pays de Brisach","robots":{"index":"index","follow":"follow","max-snippet":"max-snippet:-1","max-image-preview":"max-image-preview:large","max-video-preview":"max-video-preview:-1"},"canonical":"https:\/\/www.ruchervauban.fr\/index.php\/a-propos\/","og_locale":"fr_FR","og_type":"article","og_title":"Notre association - Association des apiculteurs du Pays de Brisach","og_description":"Vous aimez le contact avec la nature, l\u2019abeille vous passionne, vous cherchez un compl\u00e9ment de revenu, vous souhaitez d\u00e9couvrir le monde des abeilles et vous informer,\u2026 Le rucher-\u00e9cole VAUBAN de NEUF-BRISACH vous permet d\u2019acqu\u00e9rir les connaissances de base pour d\u00e9buter en apiculture et vous propose des stages de perfectionnement. La connaissance de l\u2019apiculture n\u00e9cessite une&hellip;&nbsp;Lire la suite &raquo;Notre association","og_url":"https:\/\/www.ruchervauban.fr\/index.php\/a-propos\/","og_site_name":"Association des apiculteurs du Pays de Brisach","article_modified_time":"2026-02-18T12:36:34+00:00","og_image":[{"url":"https:\/\/www.ruchervauban.fr\/wp-content\/file\/images\/rucher-photo.png","type":"","width":"","height":""}],"twitter_card":"summary_large_image","twitter_misc":{"Dur\u00e9e de lecture estim\u00e9e":"2 minutes"},"schema":{"@context":"https:\/\/schema.org","@graph":[{"@type":"WebPage","@id":"https:\/\/www.ruchervauban.fr\/index.php\/a-propos\/","url":"https:\/\/www.ruchervauban.fr\/index.php\/a-propos\/","name":"Notre association - Association des apiculteurs du Pays de Brisach","isPartOf":{"@id":"https:\/\/www.ruchervauban.fr\/#website"},"primaryImageOfPage":{"@id":"https:\/\/www.ruchervauban.fr\/index.php\/a-propos\/#primaryimage"},"image":{"@id":"https:\/\/www.ruchervauban.fr\/index.php\/a-propos\/#primaryimage"},"thumbnailUrl":"https:\/\/www.ruchervauban.fr\/wp-content\/file\/images\/rucher-photo.png","datePublished":"2023-09-19T21:50:26+00:00","dateModified":"2026-02-18T12:36:34+00:00","breadcrumb":{"@id":"https:\/\/www.ruchervauban.fr\/index.php\/a-propos\/#breadcrumb"},"inLanguage":"fr-FR","potentialAction":[{"@type":"ReadAction","target":["https:\/\/www.ruchervauban.fr\/index.php\/a-propos\/"]}]},{"@type":"ImageObject","inLanguage":"fr-FR","@id":"https:\/\/www.ruchervauban.fr\/index.php\/a-propos\/#primaryimage","url":"https:\/\/www.ruchervauban.fr\/wp-content\/file\/images\/rucher-photo.png","contentUrl":"https:\/\/www.ruchervauban.fr\/wp-content\/file\/images\/rucher-photo.png"},{"@type":"BreadcrumbList","@id":"https:\/\/www.ruchervauban.fr\/index.php\/a-propos\/#breadcrumb","itemListElement":[{"@type":"ListItem","position":1,"name":"Accueil","item":"https:\/\/www.ruchervauban.fr\/"},{"@type":"ListItem","position":2,"name":"Notre association"}]},{"@type":"WebSite","@id":"https:\/\/www.ruchervauban.fr\/#website","url":"https:\/\/www.ruchervauban.fr\/","name":"Association des apiculteurs du Pays de Brisach","description":"","publisher":{"@id":"https:\/\/www.ruchervauban.fr\/#organization"},"potentialAction":[{"@type":"SearchAction","target":{"@type":"EntryPoint","urlTemplate":"https:\/\/www.ruchervauban.fr\/?s={search_term_string}"},"query-input":{"@type":"PropertyValueSpecification","valueRequired":true,"valueName":"search_term_string"}}],"inLanguage":"fr-FR"},{"@type":"Organization","@id":"https:\/\/www.ruchervauban.fr\/#organization","name":"Association des apiculteurs du Pays de Brisach","url":"https:\/\/www.ruchervauban.fr\/","logo":{"@type":"ImageObject","inLanguage":"fr-FR","@id":"https:\/\/www.ruchervauban.fr\/#\/schema\/logo\/image\/","url":"https:\/\/www.ruchervauban.fr\/wp-content\/uploads\/2023\/10\/cropped-cropped-logo-rucher-neuf-Brisach-1.png","contentUrl":"https:\/\/www.ruchervauban.fr\/wp-content\/uploads\/2023\/10\/cropped-cropped-logo-rucher-neuf-Brisach-1.png","width":512,"height":512,"caption":"Association des apiculteurs du Pays de Brisach"},"image":{"@id":"https:\/\/www.ruchervauban.fr\/#\/schema\/logo\/image\/"}}]}},"jetpack_sharing_enabled":true,"_links":{"self":[{"href":"https:\/\/www.ruchervauban.fr\/index.php\/wp-json\/wp\/v2\/pages\/24","targetHints":{"allow":["GET"]}}],"collection":[{"href":"https:\/\/www.ruchervauban.fr\/index.php\/wp-json\/wp\/v2\/pages"}],"about":[{"href":"https:\/\/www.ruchervauban.fr\/index.php\/wp-json\/wp\/v2\/types\/page"}],"author":[{"embeddable":true,"href":"https:\/\/www.ruchervauban.fr\/index.php\/wp-json\/wp\/v2\/users\/1"}],"replies":[{"embeddable":true,"href":"https:\/\/www.ruchervauban.fr\/index.php\/wp-json\/wp\/v2\/comments?post=24"}],"version-history":[{"count":34,"href":"https:\/\/www.ruchervauban.fr\/index.php\/wp-json\/wp\/v2\/pages\/24\/revisions"}],"predecessor-version":[{"id":692,"href":"https:\/\/www.ruchervauban.fr\/index.php\/wp-json\/wp\/v2\/pages\/24\/revisions\/692"}],"wp:attachment":[{"href":"https:\/\/www.ruchervauban.fr\/index.php\/wp-json\/wp\/v2\/media?parent=24"}],"curies":[{"name":"wp","href":"https:\/\/api.w.org\/{rel}","templated":true}]}}